{"id":24189,"date":"2020-12-16T16:13:10","date_gmt":"2020-12-16T16:13:10","guid":{"rendered":"https:\/\/ev-optimizer.nl\/be\/?page_id=24189"},"modified":"2022-01-21T10:14:57","modified_gmt":"2022-01-21T10:14:57","slug":"nous-contacter","status":"publish","type":"page","link":"https:\/\/ev-optimizer.be\/fr\/nous-contacter\/","title":{"rendered":"Nous contacter"},"content":{"rendered":"<p>[et_pb_section fb_built=\u00a0\u00bb1&Prime; custom_padding_last_edited=\u00a0\u00bbon|phone\u00a0\u00bb admin_label=\u00a0\u00bbBanner (1)\u00a0\u00bb _builder_version=\u00a0\u00bb4.7.6&Prime; background_color=\u00a0\u00bb#025561&Prime; custom_margin=\u00a0\u00bb||||true|false\u00a0\u00bb custom_padding=\u00a0\u00bb75px||||false|false\u00a0\u00bb custom_padding_tablet=\u00a0\u00bb\u00a0\u00bb custom_padding_phone=\u00a0\u00bb25px||||false|false\u00a0\u00bb collapsed=\u00a0\u00bboff\u00a0\u00bb global_colors_info=\u00a0\u00bb{}\u00a0\u00bb][et_pb_row admin_label=\u00a0\u00bbRij\u00a0\u00bb _builder_version=\u00a0\u00bb4.7.6&Prime; custom_padding=\u00a0\u00bb|0px|50px|0px|false|false\u00a0\u00bb global_colors_info=\u00a0\u00bb{}\u00a0\u00bb][et_pb_column type=\u00a0\u00bb4_4&Prime; _builder_version=\u00a0\u00bb3.25&Prime; custom_padding=\u00a0\u00bb|||\u00a0\u00bb global_colors_info=\u00a0\u00bb{}\u00a0\u00bb custom_padding__hover=\u00a0\u00bb|||\u00a0\u00bb][et_pb_text _builder_version=\u00a0\u00bb4.14.1&Prime; text_text_color=\u00a0\u00bb#ffffff\u00a0\u00bb header_font=\u00a0\u00bbNoto Sans JP||||||||\u00a0\u00bb header_text_align=\u00a0\u00bbcenter\u00a0\u00bb header_text_color=\u00a0\u00bb#ffffff\u00a0\u00bb header_font_size=\u00a0\u00bb35px\u00a0\u00bb header_line_height=\u00a0\u00bb1.2em\u00a0\u00bb custom_margin=\u00a0\u00bb||||false|false\u00a0\u00bb header_font_size_tablet=\u00a0\u00bb\u00a0\u00bb header_font_size_phone=\u00a0\u00bb30px\u00a0\u00bb header_font_size_last_edited=\u00a0\u00bbon|phone\u00a0\u00bb global_colors_info=\u00a0\u00bb{}\u00a0\u00bb]<\/p>\n<h1>Contacter notre service clients<\/h1>\n<p>[\/et_pb_text][et_pb_text _builder_version=\u00a0\u00bb4.14.1&Prime; text_font=\u00a0\u00bbRaleway||||||||\u00a0\u00bb text_text_color=\u00a0\u00bb#9cbbae\u00a0\u00bb text_font_size=\u00a0\u00bb20px\u00a0\u00bb text_line_height=\u00a0\u00bb1.4em\u00a0\u00bb text_orientation=\u00a0\u00bbcenter\u00a0\u00bb max_width=\u00a0\u00bb1000px\u00a0\u00bb module_alignment=\u00a0\u00bbcenter\u00a0\u00bb custom_margin=\u00a0\u00bb-5px||||false|false\u00a0\u00bb custom_margin_tablet=\u00a0\u00bb-15px||||false|false\u00a0\u00bb custom_margin_phone=\u00a0\u00bb-15px||||false|false\u00a0\u00bb custom_margin_last_edited=\u00a0\u00bbon|phone\u00a0\u00bb custom_padding=\u00a0\u00bb||||false|false\u00a0\u00bb text_font_size_tablet=\u00a0\u00bb\u00a0\u00bb text_font_size_phone=\u00a0\u00bb18px\u00a0\u00bb text_font_size_last_edited=\u00a0\u00bbon|phone\u00a0\u00bb global_colors_info=\u00a0\u00bb{}\u00a0\u00bb]<\/p>\n<p>Vous avez une question ou une suggestion ? Nous nous ferons un plaisir de vous aider. Nous sommes disponibles les jours ouvrables de 9h00 \u00e0 18h00. Vous pouvez remplir le formulaire ci-dessous, t\u00e9l\u00e9phoner ou envoyer un e-mail. En bas du formulaire, vous avez la possibilit\u00e9 d&rsquo;appeler ou d&rsquo;envoyer un e-mail en un seul clic.<\/p>\n<p>[\/et_pb_text][\/et_pb_column][\/et_pb_row][\/et_pb_section][et_pb_section fb_built=\u00a0\u00bb1&Prime; admin_label=\u00a0\u00bbContactformulier (2)\u00a0\u00bb _builder_version=\u00a0\u00bb4.9.2&Prime; background_color=\u00a0\u00bb#ebedf0&Prime; custom_margin=\u00a0\u00bb||||false|false\u00a0\u00bb custom_padding=\u00a0\u00bb30px||40px||false|false\u00a0\u00bb collapsed=\u00a0\u00bbon\u00a0\u00bb global_colors_info=\u00a0\u00bb{}\u00a0\u00bb][et_pb_row make_equal=\u00a0\u00bbon\u00a0\u00bb admin_label=\u00a0\u00bbFormulier\u00a0\u00bb _builder_version=\u00a0\u00bb4.9.2&Prime; background_color=\u00a0\u00bb#ffffff\u00a0\u00bb custom_margin=\u00a0\u00bb-75px||||false|false\u00a0\u00bb custom_padding=\u00a0\u00bb||10px||false|false\u00a0\u00bb border_radii=\u00a0\u00bbon|3px|3px|3px|3px\u00a0\u00bb collapsed=\u00a0\u00bbon\u00a0\u00bb global_colors_info=\u00a0\u00bb{}\u00a0\u00bb][et_pb_column type=\u00a0\u00bb4_4&Prime; _builder_version=\u00a0\u00bb3.25&Prime; custom_padding=\u00a0\u00bb|||\u00a0\u00bb global_colors_info=\u00a0\u00bb{}\u00a0\u00bb custom_padding__hover=\u00a0\u00bb|||\u00a0\u00bb][et_pb_text disabled_on=\u00a0\u00bbon|off|off\u00a0\u00bb _builder_version=\u00a0\u00bb4.7.6&Prime; _module_preset=\u00a0\u00bbdefault\u00a0\u00bb custom_padding=\u00a0\u00bb10px|40px|0px|40px|false|false\u00a0\u00bb global_colors_info=\u00a0\u00bb{}\u00a0\u00bb]<div class=\"wpforms-container wpforms-container-full\" id=\"wpforms-25178\"><form id=\"wpforms-form-25178\" class=\"wpforms-validate wpforms-form\" data-formid=\"25178\" method=\"post\" enctype=\"multipart\/form-data\" action=\"\/fr\/wp-json\/wp\/v2\/pages\/24189\" data-token=\"8b4ce0258e7f0a0821922811b191f459\" data-token-time=\"1776324346\"><noscript class=\"wpforms-error-noscript\">Veuillez activer JavaScript dans votre navigateur pour remplir ce formulaire.<\/noscript><div class=\"wpforms-field-container\"><div id=\"wpforms-25178-field_1-container\" class=\"wpforms-field wpforms-field-text wpforms-one-half wpforms-first\" data-field-id=\"1\"><label class=\"wpforms-field-label wpforms-label-hide\" for=\"wpforms-25178-field_1\">Pr\u00e9nom <span class=\"wpforms-required-label\">*<\/span><\/label><input type=\"text\" id=\"wpforms-25178-field_1\" class=\"wpforms-field-large wpforms-field-required\" name=\"wpforms[fields][1]\" placeholder=\"Pr\u00e9nom\" required><\/div><div id=\"wpforms-25178-field_2-container\" class=\"wpforms-field wpforms-field-text wpforms-one-half\" data-field-id=\"2\"><label class=\"wpforms-field-label wpforms-label-hide\" for=\"wpforms-25178-field_2\">Nom de famille <span class=\"wpforms-required-label\">*<\/span><\/label><input type=\"text\" id=\"wpforms-25178-field_2\" class=\"wpforms-field-large wpforms-field-required\" name=\"wpforms[fields][2]\" placeholder=\"Nom de famille\" required><\/div><div id=\"wpforms-25178-field_3-container\" class=\"wpforms-field wpforms-field-email wpforms-one-half wpforms-first\" data-field-id=\"3\"><label class=\"wpforms-field-label wpforms-label-hide\" for=\"wpforms-25178-field_3\">Adresse e-mail <span class=\"wpforms-required-label\">*<\/span><\/label><input type=\"email\" id=\"wpforms-25178-field_3\" class=\"wpforms-field-large wpforms-field-required\" name=\"wpforms[fields][3]\" placeholder=\"Adresse e-mail\" spellcheck=\"false\" required><\/div><div id=\"wpforms-25178-field_16-container\" class=\"wpforms-field wpforms-field-phone wpforms-one-half\" data-field-id=\"16\"><label class=\"wpforms-field-label wpforms-label-hide\" for=\"wpforms-25178-field_16\">Num\u00e9ro de t\u00e9l\u00e9phone<\/label><input type=\"tel\" id=\"wpforms-25178-field_16\" class=\"wpforms-field-large\" data-rule-int-phone-field=\"true\" name=\"wpforms[fields][16]\" placeholder=\"Num\u00e9ro de t\u00e9l\u00e9phone (non obligatoire)\" aria-label=\"Num\u00e9ro de t\u00e9l\u00e9phone\" ><\/div><div id=\"wpforms-25178-field_9-container\" class=\"wpforms-field wpforms-field-text wpforms-one-half wpforms-first\" data-field-id=\"9\"><label class=\"wpforms-field-label wpforms-label-hide\" for=\"wpforms-25178-field_9\">Nom de la soci\u00e9t\u00e9<\/label><input type=\"text\" id=\"wpforms-25178-field_9\" class=\"wpforms-field-large\" name=\"wpforms[fields][9]\" placeholder=\"Nom de la soci\u00e9t\u00e9 (non obligatoire)\" ><\/div><div id=\"wpforms-25178-field_17-container\" class=\"wpforms-field wpforms-field-select wpforms-one-half wpforms-field-select-style-classic\" data-field-id=\"17\"><label class=\"wpforms-field-label wpforms-label-hide\" for=\"wpforms-25178-field_17\">Contact <span class=\"wpforms-required-label\">*<\/span><\/label><select id=\"wpforms-25178-field_17\" class=\"wpforms-field-large wpforms-field-required\" name=\"wpforms[fields][17]\" required=\"required\"><option value=\"\" class=\"placeholder\" disabled  selected='selected'>Comment voulez-vous que nous vous contactions ?<\/option><option value=\"E-mail\"  class=\"choice-1 depth-1\"  >E-mail<\/option><option value=\"T\u00e9l\u00e9phone\"  class=\"choice-2 depth-1\"  >T\u00e9l\u00e9phone<\/option><\/select><\/div><div id=\"wpforms-25178-field_18-container\" class=\"wpforms-field wpforms-field-textarea\" data-field-id=\"18\"><label class=\"wpforms-field-label wpforms-label-hide\" for=\"wpforms-25178-field_18\">Question<\/label><textarea id=\"wpforms-25178-field_18\" class=\"wpforms-field-medium\" name=\"wpforms[fields][18]\" placeholder=\"Si vous avez des questions ou des suggestions \u00e0 nous adresser, veuillez les saisir ici. \" ><\/textarea><\/div><\/div><!-- .wpforms-field-container --><div class=\"wpforms-field wpforms-field-hp\"><label for=\"wpforms-25178-field-hp\" class=\"wpforms-field-label\">Message<\/label><input type=\"text\" name=\"wpforms[hp]\" id=\"wpforms-25178-field-hp\" class=\"wpforms-field-medium\"><\/div><div class=\"wpforms-recaptcha-container wpforms-is-recaptcha wpforms-is-recaptcha-type-invisible\" ><div class=\"g-recaptcha\" data-sitekey=\"6LdVdloaAAAAAEUcw3s_qnak0cY5_mqpG_qIkOK_\" data-size=\"invisible\"><\/div><\/div><div class=\"wpforms-submit-container\" ><input type=\"hidden\" name=\"wpforms[id]\" value=\"25178\"><input type=\"hidden\" name=\"page_title\" value=\"\"><input type=\"hidden\" name=\"page_url\" value=\"https:\/\/ev-optimizer.be\/fr\/wp-json\/wp\/v2\/pages\/24189\"><input type=\"hidden\" name=\"url_referer\" value=\"\"><button type=\"submit\" name=\"wpforms[submit]\" id=\"wpforms-submit-25178\" class=\"wpforms-submit\" data-alt-text=\"Envoyer la forme...\" data-submit-text=\"Envoyer la forme \u2192\" aria-live=\"assertive\" value=\"wpforms-submit\">Envoyer la forme \u2192<\/button><\/div><\/form><\/div>  <!-- .wpforms-container -->[\/et_pb_text][et_pb_text disabled_on=\u00a0\u00bboff|on|on\u00a0\u00bb _builder_version=\u00a0\u00bb4.7.6&Prime; _module_preset=\u00a0\u00bbdefault\u00a0\u00bb custom_padding=\u00a0\u00bb||||false|false\u00a0\u00bb custom_padding_tablet=\u00a0\u00bb\u00a0\u00bb custom_padding_phone=\u00a0\u00bb|20px|0px|20px|false|false\u00a0\u00bb custom_padding_last_edited=\u00a0\u00bbon|phone\u00a0\u00bb global_colors_info=\u00a0\u00bb{}\u00a0\u00bb][\/et_pb_text][\/et_pb_column][\/et_pb_row][\/et_pb_section]<\/p>\n","protected":false},"excerpt":{"rendered":"<p>Contacter notre service clientsVous avez une question ou une suggestion ? Nous nous ferons un plaisir de vous aider. Nous sommes disponibles les jours ouvrables de 9h00 \u00e0 18h00. Vous pouvez remplir le formulaire ci-dessous, t\u00e9l\u00e9phoner ou envoyer un e-mail. En bas du formulaire, vous avez la possibilit\u00e9 d&rsquo;appeler ou d&rsquo;envoyer un e-mail en un [&hellip;]<\/p>\n","protected":false},"author":1,"featured_media":0,"parent":0,"menu_order":3,"comment_status":"closed","ping_status":"closed","template":"","meta":{"_et_pb_use_builder":"on","_et_pb_old_content":"","_et_gb_content_width":"","footnotes":""},"class_list":["post-24189","page","type-page","status-publish","hentry"],"_links":{"self":[{"href":"https:\/\/ev-optimizer.be\/fr\/wp-json\/wp\/v2\/pages\/24189","targetHints":{"allow":["GET"]}}],"collection":[{"href":"https:\/\/ev-optimizer.be\/fr\/wp-json\/wp\/v2\/pages"}],"about":[{"href":"https:\/\/ev-optimizer.be\/fr\/wp-json\/wp\/v2\/types\/page"}],"author":[{"embeddable":true,"href":"https:\/\/ev-optimizer.be\/fr\/wp-json\/wp\/v2\/users\/1"}],"replies":[{"embeddable":true,"href":"https:\/\/ev-optimizer.be\/fr\/wp-json\/wp\/v2\/comments?post=24189"}],"version-history":[{"count":0,"href":"https:\/\/ev-optimizer.be\/fr\/wp-json\/wp\/v2\/pages\/24189\/revisions"}],"wp:attachment":[{"href":"https:\/\/ev-optimizer.be\/fr\/wp-json\/wp\/v2\/media?parent=24189"}],"curies":[{"name":"wp","href":"https:\/\/api.w.org\/{rel}","templated":true}]}}