{"id":25315,"date":"2021-01-13T08:35:36","date_gmt":"2021-01-13T08:35:36","guid":{"rendered":"https:\/\/ev-optimizer.nl\/be\/?page_id=25315"},"modified":"2022-01-25T10:38:40","modified_gmt":"2022-01-25T10:38:40","slug":"retourne","status":"publish","type":"page","link":"https:\/\/ev-optimizer.be\/fr\/retourne\/","title":{"rendered":"Retourne"},"content":{"rendered":"<p>[et_pb_section fb_built=\u00a0\u00bb1&Prime; custom_padding_last_edited=\u00a0\u00bbon|phone\u00a0\u00bb admin_label=\u00a0\u00bbRetouren (1)\u00a0\u00bb module_id=\u00a0\u00bbvoordelen\u00a0\u00bb _builder_version=\u00a0\u00bb4.9.2&Prime; background_enable_color=\u00a0\u00bboff\u00a0\u00bb custom_padding=\u00a0\u00bb100px||100px||true|\u00a0\u00bb custom_padding_tablet=\u00a0\u00bb||70px||false|false\u00a0\u00bb custom_padding_phone=\u00a0\u00bb75px||50px||false|false\u00a0\u00bb collapsed=\u00a0\u00bboff\u00a0\u00bb global_colors_info=\u00a0\u00bb{}\u00a0\u00bb][et_pb_row use_custom_gutter=\u00a0\u00bbon\u00a0\u00bb gutter_width=\u00a0\u00bb2&Prime; make_equal=\u00a0\u00bbon\u00a0\u00bb _builder_version=\u00a0\u00bb4.4.7&Prime; width=\u00a0\u00bb90%\u00a0\u00bb width_tablet=\u00a0\u00bb90%\u00a0\u00bb width_phone=\u00a0\u00bb90%\u00a0\u00bb width_last_edited=\u00a0\u00bbon|tablet\u00a0\u00bb max_width=\u00a0\u00bb1120px\u00a0\u00bb max_width_tablet=\u00a0\u00bb90%\u00a0\u00bb max_width_phone=\u00a0\u00bb90%\u00a0\u00bb max_width_last_edited=\u00a0\u00bbon|desktop\u00a0\u00bb custom_padding=\u00a0\u00bb0px||0px||false|false\u00a0\u00bb collapsed=\u00a0\u00bboff\u00a0\u00bb global_colors_info=\u00a0\u00bb{}\u00a0\u00bb][et_pb_column type=\u00a0\u00bb4_4&Prime; _builder_version=\u00a0\u00bb4.4.7&Prime; global_colors_info=\u00a0\u00bb{}\u00a0\u00bb][et_pb_text _builder_version=\u00a0\u00bb4.14.2&Prime; text_text_color=\u00a0\u00bb#ffffff\u00a0\u00bb header_font=\u00a0\u00bb||||||||\u00a0\u00bb header_text_align=\u00a0\u00bbleft\u00a0\u00bb header_text_color=\u00a0\u00bb#ffffff\u00a0\u00bb header_font_size=\u00a0\u00bb35px\u00a0\u00bb header_line_height=\u00a0\u00bb1.2em\u00a0\u00bb header_2_text_color=\u00a0\u00bb#f18825&Prime; header_2_font_size=\u00a0\u00bb30px\u00a0\u00bb header_font_tablet=\u00a0\u00bb\u00a0\u00bb header_font_phone=\u00a0\u00bb\u00a0\u00bb header_font_last_edited=\u00a0\u00bbon|desktop\u00a0\u00bb header_font_size_tablet=\u00a0\u00bb\u00a0\u00bb header_font_size_phone=\u00a0\u00bb30px\u00a0\u00bb header_font_size_last_edited=\u00a0\u00bbon|phone\u00a0\u00bb global_colors_info=\u00a0\u00bb{}\u00a0\u00bb]<\/p>\n<h2>Retours (droit de r\u00e9tractation)<\/h2>\n<p>[\/et_pb_text][et_pb_text _builder_version=\u00a0\u00bb4.14.2&Prime; text_font=\u00a0\u00bb||||||||\u00a0\u00bb text_text_color=\u00a0\u00bb#232323&Prime; text_line_height=\u00a0\u00bb1.8em\u00a0\u00bb custom_margin=\u00a0\u00bb-10px||||false|false\u00a0\u00bb custom_margin_tablet=\u00a0\u00bb-20px||||false|false\u00a0\u00bb custom_margin_phone=\u00a0\u00bb-20px||||false|false\u00a0\u00bb custom_margin_last_edited=\u00a0\u00bbon|phone\u00a0\u00bb custom_padding=\u00a0\u00bb||||false|false\u00a0\u00bb global_colors_info=\u00a0\u00bb{}\u00a0\u00bb]<\/p>\n<p>Si vous passez une commande en tant que partenaire, entreprise, B2B, les r\u00e8gles suivantes s&rsquo;appliquent en ce qui concerne le droit de r\u00e9tractation. EV-Optimizer BV n&rsquo;est pas l\u00e9galement tenu de vous offrir le droit de retrait, tel qu&rsquo;il s&rsquo;applique aux consommateurs (particuliers). Cependant, nous souhaitons vous donner la possibilit\u00e9 de retourner un article dans les 3 jours sans donner de raison.<\/p>\n<p>[\/et_pb_text][et_pb_text _builder_version=\u00a0\u00bb4.14.2&Prime; text_font=\u00a0\u00bb||||||||\u00a0\u00bb text_text_color=\u00a0\u00bb#232323&Prime; text_line_height=\u00a0\u00bb1.8em\u00a0\u00bb link_font=\u00a0\u00bb|600|||||||\u00a0\u00bb link_text_color=\u00a0\u00bb#f18825&Prime; header_4_text_color=\u00a0\u00bb#025561&Prime; custom_margin=\u00a0\u00bb-10px||||false|false\u00a0\u00bb custom_margin_tablet=\u00a0\u00bb-20px||||false|false\u00a0\u00bb custom_margin_phone=\u00a0\u00bb-20px||||false|false\u00a0\u00bb custom_margin_last_edited=\u00a0\u00bbon|phone\u00a0\u00bb hover_enabled=\u00a0\u00bb0&Prime; global_colors_info=\u00a0\u00bb{}\u00a0\u00bb sticky_enabled=\u00a0\u00bb0&Prime;]&nbsp;<\/p>\n<h4>Cette possibilit\u00e9 expire dans les 3 jours \u00e0 compter du jour :<\/h4>\n<p class=\"p1\"><strong>O\u00f9 l&rsquo;article est en votre possession :<\/strong><br \/>\n\u2022\tDans le cas de plusieurs articles d&rsquo;une m\u00eame commande, livr\u00e9s s\u00e9par\u00e9ment : lorsque vous avez re\u00e7u le dernier article.<br \/>\n\u2022\tDans le cas d&rsquo;un article compos\u00e9 de plusieurs parties : lorsque vous avez re\u00e7u la derni\u00e8re partie.<\/p>\n<p>&nbsp;<\/p>\n<h4>Si vous souhaitez profiter de notre option de retour, il vous suffit de :<\/h4>\n<p>\u2022\tEnvoyez un e-mail \u00e0 support@ev-optimizer.com.<\/p>\n<p class=\"p1\"><strong>O\u00f9 l&rsquo;article est en votre possession :<\/strong><br \/>\n\u2022\tL&rsquo;article est complet.<br \/>\n\u2022\tL&rsquo;article est dans son \u00e9tat original.<\/p>\n<p class=\"p1\"><strong>Veuillez noter :<\/strong><br \/>\n\u2022\tVeuillez inclure le bordereau d&rsquo;exp\u00e9dition ou la facture dans l&#8217;emballage.<br \/>\n\u2022\tLe retour entra\u00eene des frais qui sont \u00e0 votre charge.<br \/>\n\u2022\tApr\u00e8s r\u00e9ception de votre commande de retour, nous vous rembourserons le prix d&rsquo;achat sur votre compte bancaire dans un d\u00e9lai de 14 jours.<br \/>\n\u2022\tSi vous avez encore des factures impay\u00e9es, nous ne vous rembourserons pas. Mais nous d\u00e9duirons le montant de ce solde.<\/p>\n<p>&nbsp;<\/p>\n<p><a href=\"https:\/\/ev-optimizer.be\/fr\/wp-content\/uploads\/sites\/12\/2022\/01\/EVO_190122_retourne.pdf\" target=\"_blank\" rel=\"noopener\">Cliquez ici<\/a> pour t\u00e9l\u00e9charger les conditions de retour en PDF.<\/p>\n<p>[\/et_pb_text][\/et_pb_column][\/et_pb_row][\/et_pb_section]<\/p>\n","protected":false},"excerpt":{"rendered":"<p>Retours (droit de r\u00e9tractation)Si vous passez une commande en tant que partenaire, entreprise, B2B, les r\u00e8gles suivantes s&rsquo;appliquent en ce qui concerne le droit de r\u00e9tractation. EV-Optimizer BV n&rsquo;est pas l\u00e9galement tenu de vous offrir le droit de retrait, tel qu&rsquo;il s&rsquo;applique aux consommateurs (particuliers). Cependant, nous souhaitons vous donner la possibilit\u00e9 de retourner un [&hellip;]<\/p>\n","protected":false},"author":1,"featured_media":0,"parent":0,"menu_order":15,"comment_status":"closed","ping_status":"closed","template":"","meta":{"_et_pb_use_builder":"on","_et_pb_old_content":"","_et_gb_content_width":"","footnotes":""},"class_list":["post-25315","page","type-page","status-publish","hentry"],"_links":{"self":[{"href":"https:\/\/ev-optimizer.be\/fr\/wp-json\/wp\/v2\/pages\/25315","targetHints":{"allow":["GET"]}}],"collection":[{"href":"https:\/\/ev-optimizer.be\/fr\/wp-json\/wp\/v2\/pages"}],"about":[{"href":"https:\/\/ev-optimizer.be\/fr\/wp-json\/wp\/v2\/types\/page"}],"author":[{"embeddable":true,"href":"https:\/\/ev-optimizer.be\/fr\/wp-json\/wp\/v2\/users\/1"}],"replies":[{"embeddable":true,"href":"https:\/\/ev-optimizer.be\/fr\/wp-json\/wp\/v2\/comments?post=25315"}],"version-history":[{"count":0,"href":"https:\/\/ev-optimizer.be\/fr\/wp-json\/wp\/v2\/pages\/25315\/revisions"}],"wp:attachment":[{"href":"https:\/\/ev-optimizer.be\/fr\/wp-json\/wp\/v2\/media?parent=25315"}],"curies":[{"name":"wp","href":"https:\/\/api.w.org\/{rel}","templated":true}]}}