{"id":25319,"date":"2021-01-13T08:53:43","date_gmt":"2021-01-13T08:53:43","guid":{"rendered":"https:\/\/ev-optimizer.nl\/be\/?page_id=25319"},"modified":"2022-01-25T10:42:41","modified_gmt":"2022-01-25T10:42:41","slug":"declaration-de-confidentialite","status":"publish","type":"page","link":"https:\/\/ev-optimizer.be\/fr\/declaration-de-confidentialite\/","title":{"rendered":"D\u00e9claration de confidentialit\u00e9"},"content":{"rendered":"<p>[et_pb_section fb_built=\u00a0\u00bb1&Prime; custom_padding_last_edited=\u00a0\u00bbon|phone\u00a0\u00bb admin_label=\u00a0\u00bbPrivacy Statement (1)\u00a0\u00bb module_id=\u00a0\u00bbvoordelen\u00a0\u00bb _builder_version=\u00a0\u00bb4.9.2&Prime; background_enable_color=\u00a0\u00bboff\u00a0\u00bb custom_padding=\u00a0\u00bb100px||100px||true|\u00a0\u00bb custom_padding_tablet=\u00a0\u00bb||70px||false|false\u00a0\u00bb custom_padding_phone=\u00a0\u00bb75px||50px||false|false\u00a0\u00bb collapsed=\u00a0\u00bboff\u00a0\u00bb global_colors_info=\u00a0\u00bb{}\u00a0\u00bb][et_pb_row use_custom_gutter=\u00a0\u00bbon\u00a0\u00bb gutter_width=\u00a0\u00bb2&Prime; make_equal=\u00a0\u00bbon\u00a0\u00bb _builder_version=\u00a0\u00bb4.4.7&Prime; width=\u00a0\u00bb90%\u00a0\u00bb width_tablet=\u00a0\u00bb90%\u00a0\u00bb width_phone=\u00a0\u00bb90%\u00a0\u00bb width_last_edited=\u00a0\u00bbon|tablet\u00a0\u00bb max_width=\u00a0\u00bb1120px\u00a0\u00bb max_width_tablet=\u00a0\u00bb90%\u00a0\u00bb max_width_phone=\u00a0\u00bb90%\u00a0\u00bb max_width_last_edited=\u00a0\u00bbon|desktop\u00a0\u00bb custom_padding=\u00a0\u00bb0px||0px||false|false\u00a0\u00bb collapsed=\u00a0\u00bboff\u00a0\u00bb global_colors_info=\u00a0\u00bb{}\u00a0\u00bb][et_pb_column type=\u00a0\u00bb4_4&Prime; _builder_version=\u00a0\u00bb4.4.7&Prime; global_colors_info=\u00a0\u00bb{}\u00a0\u00bb][et_pb_text _builder_version=\u00a0\u00bb4.14.2&Prime; text_text_color=\u00a0\u00bb#ffffff\u00a0\u00bb header_font=\u00a0\u00bb||||||||\u00a0\u00bb header_text_align=\u00a0\u00bbleft\u00a0\u00bb header_text_color=\u00a0\u00bb#ffffff\u00a0\u00bb header_font_size=\u00a0\u00bb35px\u00a0\u00bb header_line_height=\u00a0\u00bb1.2em\u00a0\u00bb header_2_text_color=\u00a0\u00bb#f18825&Prime; header_2_font_size=\u00a0\u00bb30px\u00a0\u00bb header_font_tablet=\u00a0\u00bb\u00a0\u00bb header_font_phone=\u00a0\u00bb\u00a0\u00bb header_font_last_edited=\u00a0\u00bbon|desktop\u00a0\u00bb header_font_size_tablet=\u00a0\u00bb\u00a0\u00bb header_font_size_phone=\u00a0\u00bb30px\u00a0\u00bb header_font_size_last_edited=\u00a0\u00bbon|phone\u00a0\u00bb global_colors_info=\u00a0\u00bb{}\u00a0\u00bb]<\/p>\n<h2>D\u00e9claration de confidentialit\u00e9<\/h2>\n<p>[\/et_pb_text][et_pb_text _builder_version=\u00a0\u00bb4.14.2&Prime; text_font=\u00a0\u00bb||||||||\u00a0\u00bb text_text_color=\u00a0\u00bb#232323&Prime; text_line_height=\u00a0\u00bb1.8em\u00a0\u00bb custom_margin=\u00a0\u00bb-10px||||false|false\u00a0\u00bb custom_margin_tablet=\u00a0\u00bb-20px||||false|false\u00a0\u00bb custom_margin_phone=\u00a0\u00bb-20px||||false|false\u00a0\u00bb custom_margin_last_edited=\u00a0\u00bbon|phone\u00a0\u00bb custom_padding=\u00a0\u00bb||||false|false\u00a0\u00bb global_colors_info=\u00a0\u00bb{}\u00a0\u00bb]<\/p>\n<p>EV-Optimizer prend votre vie priv\u00e9e tr\u00e8s au s\u00e9rieux et traitera et utilisera les informations vous concernant (la personne concern\u00e9e) de mani\u00e8re s\u00e9curis\u00e9e. Dans la pr\u00e9sente D\u00e9claration de confidentialit\u00e9, nous expliquons quelles donn\u00e9es nous traitons et dans quel but. En outre, vous pouvez prendre connaissance de vos droits concernant le traitement de vos donn\u00e9es personnelles dans la pr\u00e9sente d\u00e9claration de confidentialit\u00e9. Nous vous recommandons de lire attentivement cette D\u00e9claration de confidentialit\u00e9. Pour toute question, veuillez contacter support@ev-optimizer.com.<\/p>\n<p>[\/et_pb_text][et_pb_text _builder_version=\u00a0\u00bb4.14.2&Prime; text_font=\u00a0\u00bb||||||||\u00a0\u00bb text_text_color=\u00a0\u00bb#232323&Prime; text_line_height=\u00a0\u00bb1.8em\u00a0\u00bb link_font=\u00a0\u00bb|600|||||||\u00a0\u00bb link_text_color=\u00a0\u00bb#f18825&Prime; header_4_text_color=\u00a0\u00bb#025561&Prime; custom_margin=\u00a0\u00bb-10px||||false|false\u00a0\u00bb custom_margin_tablet=\u00a0\u00bb-20px||||false|false\u00a0\u00bb custom_margin_phone=\u00a0\u00bb-20px||||false|false\u00a0\u00bb custom_margin_last_edited=\u00a0\u00bbon|phone\u00a0\u00bb hover_enabled=\u00a0\u00bb0&Prime; global_colors_info=\u00a0\u00bb{}\u00a0\u00bb sticky_enabled=\u00a0\u00bb0&Prime;]&nbsp;<\/p>\n<h4>Qui est EV-Optimizer ?<\/h4>\n<p>EV-Optimizer est la soci\u00e9t\u00e9 priv\u00e9e \u00e0 responsabilit\u00e9 limit\u00e9e EV-Optimizer, ayant son si\u00e8ge \u00e0 (1327 EB) Almere, De Huchtstraat, 13, inscrite au registre du commerce de la Chambre de Commerce sous le num\u00e9ro 72390891. Lorsque EV-Optimizer traite vos donn\u00e9es personnelles, EV-Optimizer est le responsable du traitement. EV-Optimizer a nomm\u00e9 un responsable de la protection des donn\u00e9es. Vous pouvez joindre Meindert Romkes \u00e0 l&rsquo;adresse meindert.romkes@ev-optimizer.com.<br \/>\n&nbsp;<\/p>\n<h4>Comment EV-Optimizer utilise-t-elle vos donn\u00e9es ?<\/h4>\n<p>Vous trouverez ci-dessous un aper\u00e7u des finalit\u00e9s pour lesquelles EV-Optimizer traite les donn\u00e9es personnelles vous concernant. Dans chaque cas, il est indiqu\u00e9 quelles donn\u00e9es EV-Optimizer utilise \u00e0 cette finalit\u00e9 sp\u00e9cifique, quelle est la base juridique du traitement de ces donn\u00e9es et combien de temps les donn\u00e9es sont conserv\u00e9es par EV-Optimizer. Pour que les choses restent claires, nous avons tout regroup\u00e9 par type de flux de donn\u00e9es.<br \/>\n&nbsp;<\/p>\n<h4>Service, gestion de la client\u00e8le et administration financi\u00e8re<\/h4>\n<p><strong>Finalit\u00e9 : administration financi\u00e8re<\/strong><br \/>\nDonn\u00e9es : nom de la soci\u00e9t\u00e9, adresse de facturation, coordonn\u00e9es bancaires<br \/>\n(Nom de la banque\/IBAN\/BIC), Solde des factures dues<br \/>\nBase : obligation l\u00e9gale<br \/>\nD\u00e9lai de conservation : aussi longtemps que n\u00e9cessaire pour cette finalit\u00e9<br \/>\n&nbsp;<br \/>\n<strong>Finalit\u00e9 : facturation<\/strong><br \/>\nDonn\u00e9es : nom de la soci\u00e9t\u00e9, adresse de facturation, coordonn\u00e9es bancaires<br \/>\n(Nom de la banque\/IBAN\/BIC), Solde des factures dues<br \/>\nBase : obligation l\u00e9gale<br \/>\nD\u00e9lai de conservation : aussi longtemps que n\u00e9cessaire pour cette finalit\u00e9<br \/>\n&nbsp;<br \/>\n<strong>Finalit\u00e9 : gestion des commandes<\/strong><br \/>\nDonn\u00e9es : nom et adresse, adresse de livraison, adresse de facturation, adresse e-mail, num\u00e9ro de t\u00e9l\u00e9phone, informations de paiement, num\u00e9ro de compte, num\u00e9ro de commande, contenu de la r\u00e9clamation, num\u00e9ro de Chambre de commerce, num\u00e9ro de TVA, num\u00e9ro de client.<br \/>\nBase : ex\u00e9cution du contrat<br \/>\nD\u00e9lai de conservation : aussi longtemps que n\u00e9cessaire pour cette finalit\u00e9<br \/>\n&nbsp;<br \/>\n<strong>Finalit\u00e9 : traitement des r\u00e9clamations concernant le produit<\/strong><br \/>\nDonn\u00e9es : nom et adresse, adresse de livraison, adresse de facturation, adresse e-mail, num\u00e9ro de t\u00e9l\u00e9phone, informations de paiement, num\u00e9ro de compte, num\u00e9ro de commande, contenu de la r\u00e9clamation, num\u00e9ro de Chambre de commerce, num\u00e9ro de TVA, num\u00e9ro de client<br \/>\nBase : ex\u00e9cution du contrat<br \/>\nD\u00e9lai de conservation : aussi longtemps que n\u00e9cessaire pour cette finalit\u00e9<br \/>\n&nbsp;<br \/>\n<strong>Finalit\u00e9 : traitement des r\u00e9clamations concernant le service<\/strong><br \/>\nDonn\u00e9es : nom et adresse, adresse e-mail, d\u00e9tails du dossier, donn\u00e9es n\u00e9cessaires pour fournir le service, donn\u00e9es g\u00e9n\u00e9r\u00e9es pendant le service<br \/>\nBase : ex\u00e9cution du contrat<br \/>\nD\u00e9lai de conservation : 2 ans maximum<br \/>\n&nbsp;<br \/>\n<strong>Finalit\u00e9 : CRM<\/strong><br \/>\nDonn\u00e9es : nom, nom d&rsquo;utilisateur, adresse e-mail, localit\u00e9, historique des commandes, num\u00e9ro de t\u00e9l\u00e9phone<br \/>\nBase : int\u00e9r\u00eat l\u00e9gitime<br \/>\nInt\u00e9r\u00eat concern\u00e9 : int\u00e9r\u00eat commercial<br \/>\nD\u00e9lai de conservation : aussi longtemps que n\u00e9cessaire pour cette finalit\u00e9<br \/>\n&nbsp;<br \/>\n<strong>Finalit\u00e9 : sollicitation<\/strong><br \/>\nDonn\u00e9es : nom, nom d&rsquo;utilisateur, adresse e-mail, localit\u00e9, historique des commandes, num\u00e9ro de t\u00e9l\u00e9phone<br \/>\nBase : int\u00e9r\u00eat l\u00e9gitime<br \/>\nInt\u00e9r\u00eat concern\u00e9 : int\u00e9r\u00eat commercial<br \/>\nD\u00e9lai de conservation : aussi longtemps que n\u00e9cessaire pour cette finalit\u00e9<br \/>\n&nbsp;<br \/>\n<strong>Finalit\u00e9 marketing : marketing direct<\/strong><br \/>\nDonn\u00e9es : nom, nom et adresse, adresse e-mail, num\u00e9ro de t\u00e9l\u00e9phone, int\u00e9r\u00eat pour un produit, ID utilisateur, historique des commandes, adresse postale\/de facturation<br \/>\nBase : int\u00e9r\u00eat l\u00e9gitime<br \/>\nInt\u00e9r\u00eat concern\u00e9 : int\u00e9r\u00eat commercial<br \/>\nD\u00e9lai de conservation : 2 ans maximum<br \/>\n&nbsp;<br \/>\n<strong>Finalit\u00e9 : newsletter<\/strong><br \/>\nDonn\u00e9es : nom, nom et adresse, adresse e-mail, num\u00e9ro de t\u00e9l\u00e9phone, int\u00e9r\u00eat pour un produit, ID utilisateur, historique des commandes, adresse postale\/de facturation<br \/>\nBase : int\u00e9r\u00eat l\u00e9gitime<br \/>\nInt\u00e9r\u00eat concern\u00e9 : int\u00e9r\u00eat commercial<br \/>\nD\u00e9lai de conservation : 2 ans maximum<br \/>\n&nbsp;<br \/>\n<strong>Finalit\u00e9 : marketing via r\u00e9seaux sociaux<\/strong><br \/>\nDonn\u00e9es : nom, nom et adresse, adresse e-mail, num\u00e9ro de t\u00e9l\u00e9phone, int\u00e9r\u00eat pour un produit, ID utilisateur, historique des commandes, adresse postale\/de facturation<br \/>\nBase : int\u00e9r\u00eat l\u00e9gitime<br \/>\nInt\u00e9r\u00eat concern\u00e9 : int\u00e9r\u00eat commercial<br \/>\nD\u00e9lai de conservation : 2 ans maximum<br \/>\n&nbsp;<br \/>\n<strong>Finalit\u00e9 : programme de fid\u00e9lisation<\/strong><br \/>\nDonn\u00e9es : nom, nom et adresse, adresse e-mail, num\u00e9ro de t\u00e9l\u00e9phone, int\u00e9r\u00eat pour un produit, ID utilisateur, historique des commandes, adresse postale\/de facturation<br \/>\nBase : int\u00e9r\u00eat l\u00e9gitime<br \/>\nInt\u00e9r\u00eat concern\u00e9 : int\u00e9r\u00eat commercial<br \/>\nD\u00e9lai de conservation : 2 ans maximum<br \/>\n&nbsp;<\/p>\n<h4>Site Web<\/h4>\n<p><strong>Finalit\u00e9 : analyse du site Web<\/strong><br \/>\nDonn\u00e9es : localisation<br \/>\nBase : int\u00e9r\u00eat l\u00e9gitime<br \/>\nInt\u00e9r\u00eat concern\u00e9 : int\u00e9r\u00eat commercial<br \/>\nD\u00e9lai de conservation : 2 ans maximum<br \/>\n&nbsp;<br \/>\n<strong>Finalit\u00e9 : proposer un compte<\/strong><br \/>\nDonn\u00e9es : nom, adresse, nom de la soci\u00e9t\u00e9, num\u00e9ro de Chambre de commerce, adresse e-mail, nom d&rsquo;utilisateur, mot de passe, ID utilisateur<br \/>\nBase : ex\u00e9cution du contrat<br \/>\nD\u00e9lai de conservation : aussi longtemps que n\u00e9cessaire pour cette finalit\u00e9<br \/>\n&nbsp;<\/p>\n<h4>S\u00e9curit\u00e9 et pr\u00e9vention de la fraude<\/h4>\n<p><strong>Finalit\u00e9 : v\u00e9rification de l&rsquo;identit\u00e9<\/strong><br \/>\nDonn\u00e9es : num\u00e9ro de t\u00e9l\u00e9phone, ressources financi\u00e8res, solvabilit\u00e9, activit\u00e9s professionnelles, contrats et accords, IBAN, nom, adresse<br \/>\nBase : int\u00e9r\u00eat l\u00e9gitime<br \/>\nInt\u00e9r\u00eat concern\u00e9 : int\u00e9r\u00eat commercial<br \/>\nD\u00e9lai de conservation : 1 an maximum<br \/>\n&nbsp;<br \/>\n<strong>Finalit\u00e9 : contr\u00f4le de cr\u00e9dit<\/strong><br \/>\nDonn\u00e9es : num\u00e9ro de t\u00e9l\u00e9phone, ressources financi\u00e8res, solvabilit\u00e9, activit\u00e9s professionnelles, contrats et accords, IBAN, nom, adresse<br \/>\nBase : int\u00e9r\u00eat l\u00e9gitime<br \/>\nInt\u00e9r\u00eat concern\u00e9 : int\u00e9r\u00eat commercial<br \/>\nD\u00e9lai de conservation : 1 an maximum<br \/>\n&nbsp;<\/p>\n<h4>Recherche et d\u00e9veloppement<\/h4>\n<p><strong>Finalit\u00e9 : \u00e9tude de march\u00e9<\/strong><br \/>\nDonn\u00e9es : habitudes, mode de vie, nom et adresse, adresse e-mail, num\u00e9ro de t\u00e9l\u00e9phone<br \/>\nBase : int\u00e9r\u00eat l\u00e9gitime<br \/>\nInt\u00e9r\u00eat concern\u00e9 : int\u00e9r\u00eat commercial<br \/>\nD\u00e9lai de conservation : aussi longtemps que n\u00e9cessaire pour cette finalit\u00e9<\/p>\n<p>&nbsp;<\/p>\n<p><a href=\"https:\/\/ev-optimizer.be\/fr\/wp-content\/uploads\/sites\/12\/2022\/01\/EVO_190122_de\u0301claration-de-confidentialite\u0301.pdf\" target=\"_blank\" rel=\"noopener\">Cliquez ici<\/a> pour t\u00e9l\u00e9charger la d\u00e9claration de confidentialit\u00e9 en PDF.<\/p>\n<p>[\/et_pb_text][\/et_pb_column][\/et_pb_row][\/et_pb_section]<\/p>\n","protected":false},"excerpt":{"rendered":"<p>D\u00e9claration de confidentialit\u00e9EV-Optimizer prend votre vie priv\u00e9e tr\u00e8s au s\u00e9rieux et traitera et utilisera les informations vous concernant (la personne concern\u00e9e) de mani\u00e8re s\u00e9curis\u00e9e. Dans la pr\u00e9sente D\u00e9claration de confidentialit\u00e9, nous expliquons quelles donn\u00e9es nous traitons et dans quel but. En outre, vous pouvez prendre connaissance de vos droits concernant le traitement de vos donn\u00e9es [&hellip;]<\/p>\n","protected":false},"author":1,"featured_media":0,"parent":0,"menu_order":16,"comment_status":"closed","ping_status":"closed","template":"","meta":{"_et_pb_use_builder":"on","_et_pb_old_content":"","_et_gb_content_width":"","footnotes":""},"class_list":["post-25319","page","type-page","status-publish","hentry"],"_links":{"self":[{"href":"https:\/\/ev-optimizer.be\/fr\/wp-json\/wp\/v2\/pages\/25319","targetHints":{"allow":["GET"]}}],"collection":[{"href":"https:\/\/ev-optimizer.be\/fr\/wp-json\/wp\/v2\/pages"}],"about":[{"href":"https:\/\/ev-optimizer.be\/fr\/wp-json\/wp\/v2\/types\/page"}],"author":[{"embeddable":true,"href":"https:\/\/ev-optimizer.be\/fr\/wp-json\/wp\/v2\/users\/1"}],"replies":[{"embeddable":true,"href":"https:\/\/ev-optimizer.be\/fr\/wp-json\/wp\/v2\/comments?post=25319"}],"version-history":[{"count":0,"href":"https:\/\/ev-optimizer.be\/fr\/wp-json\/wp\/v2\/pages\/25319\/revisions"}],"wp:attachment":[{"href":"https:\/\/ev-optimizer.be\/fr\/wp-json\/wp\/v2\/media?parent=25319"}],"curies":[{"name":"wp","href":"https:\/\/api.w.org\/{rel}","templated":true}]}}